{"id":596,"date":"2019-07-27T19:17:23","date_gmt":"2019-07-27T17:17:23","guid":{"rendered":"http:\/\/tapguitar.net\/?page_id=596"},"modified":"2019-08-04T14:28:28","modified_gmt":"2019-08-04T12:28:28","slug":"e-tap-2019","status":"publish","type":"page","link":"https:\/\/tapguitar.net\/index.php\/e-tap-seminar-2\/e-tap-past-editions\/e-tap-2019\/","title":{"rendered":"E-Tap 2019"},"content":{"rendered":"\n<p>Page under construction<\/p>\n\n\n\n<div class=\"wp-block-image\"><figure class=\"aligncenter is-resized\"><img loading=\"lazy\" decoding=\"async\" src=\"http:\/\/tapguitar.net\/wp-content\/uploads\/2019\/07\/Kai_Daniel_Time_out_S-2-871x1024.jpg\" alt=\"\" class=\"wp-image-582\" width=\"269\" height=\"316\" srcset=\"https:\/\/tapguitar.net\/wp-content\/uploads\/2019\/07\/Kai_Daniel_Time_out_S-2-871x1024.jpg 871w, https:\/\/tapguitar.net\/wp-content\/uploads\/2019\/07\/Kai_Daniel_Time_out_S-2-255x300.jpg 255w, https:\/\/tapguitar.net\/wp-content\/uploads\/2019\/07\/Kai_Daniel_Time_out_S-2-768x903.jpg 768w, https:\/\/tapguitar.net\/wp-content\/uploads\/2019\/07\/Kai_Daniel_Time_out_S-2-170x200.jpg 170w, https:\/\/tapguitar.net\/wp-content\/uploads\/2019\/07\/Kai_Daniel_Time_out_S-2.jpg 1205w\" sizes=\"(max-width: 269px) 100vw, 269px\" \/><figcaption>The teachers: Kai and Daniel<br><\/figcaption><\/figure><\/div>\n\n\n\n<p>A report of E-Tap 2019 written by Dave Bowmer <\/p>\n\n\n\n<div class=\"wp-block-file\"><a href=\"http:\/\/tapguitar.net\/wp-content\/uploads\/2019\/08\/ETap_report_2019_Bowmer.pdf\">ETap_report_2019_Bowmer<\/a><a href=\"http:\/\/tapguitar.net\/wp-content\/uploads\/2019\/08\/ETap_report_2019_Bowmer.pdf\" class=\"wp-block-file__button\" download>Download<\/a><\/div>\n\n\n\n<p>The E-Tappers performing Palladio<\/p>\n\n\n\n<figure class=\"wp-block-embed-youtube wp-block-embed is-type-video is-provider-youtube wp-embed-aspect-16-9 wp-has-aspect-ratio\"><div class=\"wp-block-embed__wrapper\">\n<iframe loading=\"lazy\" title=\"ETap 2019 Palladio\" width=\"1505\" height=\"847\" src=\"https:\/\/www.youtube.com\/embed\/ooymgMCaO0o?feature=oembed\" frameborder=\"0\" allow=\"accelerometer; autoplay; encrypted-media; gyroscope; picture-in-picture\" allowfullscreen><\/iframe>\n<\/div><figcaption>Kuno Wagner (The real Wagner) proposes us to play the Ensemble piece  &#8220;Palladio&#8221; , composed by Karl Jenkins. Kai and Jean-Christophe films (From L to R):  Tim van Everbroeck, Ian Roggerson, Dave Bowmer, Daniel Schell, Rob Thorpe, Kuno Wagner.<br><br><br><\/figcaption><\/figure>\n\n\n\n<ul class=\"wp-block-gallery columns-3 is-cropped wp-block-gallery-1 is-layout-flex wp-block-gallery-is-layout-flex\"><li class=\"blocks-gallery-item\"><figure><img loading=\"lazy\" decoding=\"async\" width=\"1024\" height=\"759\" src=\"http:\/\/tapguitar.net\/wp-content\/uploads\/2019\/07\/Tim_Laughs-1024x759.jpg\" alt=\"\" data-id=\"627\" data-link=\"http:\/\/tapguitar.net\/tim_laughs\/\" class=\"wp-image-627\" srcset=\"https:\/\/tapguitar.net\/wp-content\/uploads\/2019\/07\/Tim_Laughs-1024x759.jpg 1024w, https:\/\/tapguitar.net\/wp-content\/uploads\/2019\/07\/Tim_Laughs-300x222.jpg 300w, https:\/\/tapguitar.net\/wp-content\/uploads\/2019\/07\/Tim_Laughs-768x569.jpg 768w, https:\/\/tapguitar.net\/wp-content\/uploads\/2019\/07\/Tim_Laughs-270x200.jpg 270w, https:\/\/tapguitar.net\/wp-content\/uploads\/2019\/07\/Tim_Laughs.jpg 1642w\" sizes=\"(max-width: 1024px) 100vw, 1024px\" \/><\/figure><\/li><li class=\"blocks-gallery-item\"><figure><img loading=\"lazy\" decoding=\"async\" width=\"1024\" height=\"759\" src=\"http:\/\/tapguitar.net\/wp-content\/uploads\/2019\/07\/Rob_Laughs-1024x759.jpg\" alt=\"\" data-id=\"625\" data-link=\"http:\/\/tapguitar.net\/rob_laughs\/\" class=\"wp-image-625\" srcset=\"https:\/\/tapguitar.net\/wp-content\/uploads\/2019\/07\/Rob_Laughs-1024x759.jpg 1024w, https:\/\/tapguitar.net\/wp-content\/uploads\/2019\/07\/Rob_Laughs-300x222.jpg 300w, https:\/\/tapguitar.net\/wp-content\/uploads\/2019\/07\/Rob_Laughs-768x569.jpg 768w, https:\/\/tapguitar.net\/wp-content\/uploads\/2019\/07\/Rob_Laughs-270x200.jpg 270w, https:\/\/tapguitar.net\/wp-content\/uploads\/2019\/07\/Rob_Laughs.jpg 1642w\" sizes=\"(max-width: 1024px) 100vw, 1024px\" \/><\/figure><\/li><li class=\"blocks-gallery-item\"><figure><img loading=\"lazy\" decoding=\"async\" width=\"1024\" height=\"759\" src=\"http:\/\/tapguitar.net\/wp-content\/uploads\/2019\/07\/Kai_Laughs-1024x759.jpg\" alt=\"\" data-id=\"620\" data-link=\"http:\/\/tapguitar.net\/kai_laughs\/\" class=\"wp-image-620\" srcset=\"https:\/\/tapguitar.net\/wp-content\/uploads\/2019\/07\/Kai_Laughs-1024x759.jpg 1024w, https:\/\/tapguitar.net\/wp-content\/uploads\/2019\/07\/Kai_Laughs-300x222.jpg 300w, https:\/\/tapguitar.net\/wp-content\/uploads\/2019\/07\/Kai_Laughs-768x569.jpg 768w, https:\/\/tapguitar.net\/wp-content\/uploads\/2019\/07\/Kai_Laughs-270x200.jpg 270w, https:\/\/tapguitar.net\/wp-content\/uploads\/2019\/07\/Kai_Laughs.jpg 1642w\" sizes=\"(max-width: 1024px) 100vw, 1024px\" \/><\/figure><\/li><li class=\"blocks-gallery-item\"><figure><img loading=\"lazy\" decoding=\"async\" width=\"1024\" height=\"759\" src=\"http:\/\/tapguitar.net\/wp-content\/uploads\/2019\/07\/Jean_Christophe_Laughs-1024x759.jpg\" alt=\"\" data-id=\"619\" data-link=\"http:\/\/tapguitar.net\/jean_christophe_laughs\/\" class=\"wp-image-619\" srcset=\"https:\/\/tapguitar.net\/wp-content\/uploads\/2019\/07\/Jean_Christophe_Laughs-1024x759.jpg 1024w, https:\/\/tapguitar.net\/wp-content\/uploads\/2019\/07\/Jean_Christophe_Laughs-300x222.jpg 300w, https:\/\/tapguitar.net\/wp-content\/uploads\/2019\/07\/Jean_Christophe_Laughs-768x569.jpg 768w, https:\/\/tapguitar.net\/wp-content\/uploads\/2019\/07\/Jean_Christophe_Laughs-270x200.jpg 270w, https:\/\/tapguitar.net\/wp-content\/uploads\/2019\/07\/Jean_Christophe_Laughs.jpg 1642w\" sizes=\"(max-width: 1024px) 100vw, 1024px\" \/><\/figure><\/li><li class=\"blocks-gallery-item\"><figure><img loading=\"lazy\" decoding=\"async\" width=\"1024\" height=\"759\" src=\"http:\/\/tapguitar.net\/wp-content\/uploads\/2019\/07\/Ian_Laughs-1024x759.jpg\" alt=\"\" data-id=\"617\" data-link=\"http:\/\/tapguitar.net\/ian_laughs\/\" class=\"wp-image-617\" srcset=\"https:\/\/tapguitar.net\/wp-content\/uploads\/2019\/07\/Ian_Laughs-1024x759.jpg 1024w, https:\/\/tapguitar.net\/wp-content\/uploads\/2019\/07\/Ian_Laughs-300x222.jpg 300w, https:\/\/tapguitar.net\/wp-content\/uploads\/2019\/07\/Ian_Laughs-768x569.jpg 768w, https:\/\/tapguitar.net\/wp-content\/uploads\/2019\/07\/Ian_Laughs-270x200.jpg 270w, https:\/\/tapguitar.net\/wp-content\/uploads\/2019\/07\/Ian_Laughs.jpg 1642w\" sizes=\"(max-width: 1024px) 100vw, 1024px\" \/><\/figure><\/li><li class=\"blocks-gallery-item\"><figure><img loading=\"lazy\" decoding=\"async\" width=\"1024\" height=\"759\" src=\"http:\/\/tapguitar.net\/wp-content\/uploads\/2019\/07\/Dave_Time_Laugh-1024x759.jpg\" alt=\"\" data-id=\"615\" data-link=\"http:\/\/tapguitar.net\/dave_time_laugh\/\" class=\"wp-image-615\" srcset=\"https:\/\/tapguitar.net\/wp-content\/uploads\/2019\/07\/Dave_Time_Laugh-1024x759.jpg 1024w, https:\/\/tapguitar.net\/wp-content\/uploads\/2019\/07\/Dave_Time_Laugh-300x222.jpg 300w, https:\/\/tapguitar.net\/wp-content\/uploads\/2019\/07\/Dave_Time_Laugh-768x569.jpg 768w, https:\/\/tapguitar.net\/wp-content\/uploads\/2019\/07\/Dave_Time_Laugh-270x200.jpg 270w, https:\/\/tapguitar.net\/wp-content\/uploads\/2019\/07\/Dave_Time_Laugh.jpg 1642w\" sizes=\"(max-width: 1024px) 100vw, 1024px\" \/><\/figure><\/li><li class=\"blocks-gallery-item\"><figure><img loading=\"lazy\" decoding=\"async\" width=\"1024\" height=\"759\" src=\"http:\/\/tapguitar.net\/wp-content\/uploads\/2019\/07\/Learning_Is_fun-1024x759.jpg\" alt=\"\" data-id=\"621\" data-link=\"http:\/\/tapguitar.net\/learning_is_fun\/\" class=\"wp-image-621\" srcset=\"https:\/\/tapguitar.net\/wp-content\/uploads\/2019\/07\/Learning_Is_fun-1024x759.jpg 1024w, https:\/\/tapguitar.net\/wp-content\/uploads\/2019\/07\/Learning_Is_fun-300x222.jpg 300w, https:\/\/tapguitar.net\/wp-content\/uploads\/2019\/07\/Learning_Is_fun-768x569.jpg 768w, https:\/\/tapguitar.net\/wp-content\/uploads\/2019\/07\/Learning_Is_fun-270x200.jpg 270w, https:\/\/tapguitar.net\/wp-content\/uploads\/2019\/07\/Learning_Is_fun.jpg 1642w\" sizes=\"(max-width: 1024px) 100vw, 1024px\" \/><\/figure><\/li><\/ul>\n\n\n\n<figure class=\"wp-block-image\"><img loading=\"lazy\" decoding=\"async\" width=\"1024\" height=\"759\" src=\"http:\/\/tapguitar.net\/wp-content\/uploads\/2019\/07\/Daniel_Class_S-1024x759.jpg\" alt=\"\" class=\"wp-image-604\" srcset=\"https:\/\/tapguitar.net\/wp-content\/uploads\/2019\/07\/Daniel_Class_S-1024x759.jpg 1024w, https:\/\/tapguitar.net\/wp-content\/uploads\/2019\/07\/Daniel_Class_S-300x222.jpg 300w, https:\/\/tapguitar.net\/wp-content\/uploads\/2019\/07\/Daniel_Class_S-768x569.jpg 768w, https:\/\/tapguitar.net\/wp-content\/uploads\/2019\/07\/Daniel_Class_S-270x200.jpg 270w, https:\/\/tapguitar.net\/wp-content\/uploads\/2019\/07\/Daniel_Class_S.jpg 1642w\" sizes=\"(max-width: 1024px) 100vw, 1024px\" \/><figcaption>Daniel&#8217;s class<br><\/figcaption><\/figure>\n\n\n\n<figure class=\"wp-block-image\"><img loading=\"lazy\" decoding=\"async\" width=\"1024\" height=\"759\" src=\"http:\/\/tapguitar.net\/wp-content\/uploads\/2019\/07\/Kai_Class_S-1024x759.jpg\" alt=\"\" class=\"wp-image-606\" srcset=\"https:\/\/tapguitar.net\/wp-content\/uploads\/2019\/07\/Kai_Class_S-1024x759.jpg 1024w, https:\/\/tapguitar.net\/wp-content\/uploads\/2019\/07\/Kai_Class_S-300x222.jpg 300w, https:\/\/tapguitar.net\/wp-content\/uploads\/2019\/07\/Kai_Class_S-768x569.jpg 768w, https:\/\/tapguitar.net\/wp-content\/uploads\/2019\/07\/Kai_Class_S-270x200.jpg 270w, https:\/\/tapguitar.net\/wp-content\/uploads\/2019\/07\/Kai_Class_S.jpg 1642w\" sizes=\"(max-width: 1024px) 100vw, 1024px\" \/><figcaption>Kai&#8217;s class<br><\/figcaption><\/figure>\n\n\n\n<figure class=\"wp-block-image\"><img loading=\"lazy\" decoding=\"async\" width=\"1024\" height=\"759\" src=\"http:\/\/tapguitar.net\/wp-content\/uploads\/2019\/07\/Group_Cube_S-1024x759.jpg\" alt=\"\" class=\"wp-image-605\" srcset=\"https:\/\/tapguitar.net\/wp-content\/uploads\/2019\/07\/Group_Cube_S-1024x759.jpg 1024w, https:\/\/tapguitar.net\/wp-content\/uploads\/2019\/07\/Group_Cube_S-300x222.jpg 300w, https:\/\/tapguitar.net\/wp-content\/uploads\/2019\/07\/Group_Cube_S-768x569.jpg 768w, https:\/\/tapguitar.net\/wp-content\/uploads\/2019\/07\/Group_Cube_S-270x200.jpg 270w, https:\/\/tapguitar.net\/wp-content\/uploads\/2019\/07\/Group_Cube_S.jpg 1642w\" sizes=\"(max-width: 1024px) 100vw, 1024px\" \/><figcaption>The E-Tappers after performing at &#8216;Le Cube&#8217; beach Festival, Neufchateau. From L to R, first row: Dave Bowmer, Kai Kurosawa, Kuno Wagner. Second Row (standing) Ian Roggerson, Rob Thorpe, Tim van Everbroeck, Jean-Christophe Beumier, Daniel Schell<br><\/figcaption><\/figure>\n\n\n\n<figure class=\"wp-block-image\"><img loading=\"lazy\" decoding=\"async\" width=\"1024\" height=\"759\" src=\"http:\/\/tapguitar.net\/wp-content\/uploads\/2019\/07\/Group_BarDesGouts_S-1024x759.jpg\" alt=\"\" class=\"wp-image-610\" srcset=\"https:\/\/tapguitar.net\/wp-content\/uploads\/2019\/07\/Group_BarDesGouts_S-1024x759.jpg 1024w, https:\/\/tapguitar.net\/wp-content\/uploads\/2019\/07\/Group_BarDesGouts_S-300x222.jpg 300w, https:\/\/tapguitar.net\/wp-content\/uploads\/2019\/07\/Group_BarDesGouts_S-768x569.jpg 768w, https:\/\/tapguitar.net\/wp-content\/uploads\/2019\/07\/Group_BarDesGouts_S-270x200.jpg 270w, https:\/\/tapguitar.net\/wp-content\/uploads\/2019\/07\/Group_BarDesGouts_S.jpg 1642w\" sizes=\"(max-width: 1024px) 100vw, 1024px\" \/><figcaption>After concert at &#8216;Bar \u00e0 Gouts&#8217; in Jamoigne. From Left to R: Daniel, Ian, Jean-Christophe, Kuno, Philippe (Bar \u00e0 Gouts), Dave, Vincianne(Bar \u00e0 Gouts), Tim, Kai, Rob. We played well, great audience and successful performance. Philippe and Vincianne offered us a great meal and drinks. We are already booked for next year.<br><\/figcaption><\/figure>\n\n\n\n<figure class=\"wp-block-image\"><img loading=\"lazy\" decoding=\"async\" width=\"1024\" height=\"759\" src=\"http:\/\/tapguitar.net\/wp-content\/uploads\/2019\/07\/Kai_Dave_Daniel_TimeOut-1024x759.jpg\" alt=\"\" class=\"wp-image-607\" srcset=\"https:\/\/tapguitar.net\/wp-content\/uploads\/2019\/07\/Kai_Dave_Daniel_TimeOut-1024x759.jpg 1024w, https:\/\/tapguitar.net\/wp-content\/uploads\/2019\/07\/Kai_Dave_Daniel_TimeOut-300x222.jpg 300w, https:\/\/tapguitar.net\/wp-content\/uploads\/2019\/07\/Kai_Dave_Daniel_TimeOut-768x569.jpg 768w, https:\/\/tapguitar.net\/wp-content\/uploads\/2019\/07\/Kai_Dave_Daniel_TimeOut-270x200.jpg 270w\" sizes=\"(max-width: 1024px) 100vw, 1024px\" \/><figcaption>Back in Brussels, we play at Pub Time Out<br><\/figcaption><\/figure>\n","protected":false},"excerpt":{"rendered":"<p>Page under construction A report of E-Tap 2019 written by Dave Bowmer The E-Tappers performing Palladio<\/p>\n","protected":false},"author":3,"featured_media":0,"parent":594,"menu_order":0,"comment_status":"closed","ping_status":"closed","template":"","meta":{"footnotes":""},"class_list":["post-596","page","type-page","status-publish","hentry"],"_links":{"self":[{"href":"https:\/\/tapguitar.net\/index.php\/wp-json\/wp\/v2\/pages\/596"}],"collection":[{"href":"https:\/\/tapguitar.net\/index.php\/wp-json\/wp\/v2\/pages"}],"about":[{"href":"https:\/\/tapguitar.net\/index.php\/wp-json\/wp\/v2\/types\/page"}],"author":[{"embeddable":true,"href":"https:\/\/tapguitar.net\/index.php\/wp-json\/wp\/v2\/users\/3"}],"replies":[{"embeddable":true,"href":"https:\/\/tapguitar.net\/index.php\/wp-json\/wp\/v2\/comments?post=596"}],"version-history":[{"count":9,"href":"https:\/\/tapguitar.net\/index.php\/wp-json\/wp\/v2\/pages\/596\/revisions"}],"predecessor-version":[{"id":640,"href":"https:\/\/tapguitar.net\/index.php\/wp-json\/wp\/v2\/pages\/596\/revisions\/640"}],"up":[{"embeddable":true,"href":"https:\/\/tapguitar.net\/index.php\/wp-json\/wp\/v2\/pages\/594"}],"wp:attachment":[{"href":"https:\/\/tapguitar.net\/index.php\/wp-json\/wp\/v2\/media?parent=596"}],"curies":[{"name":"wp","href":"https:\/\/api.w.org\/{rel}","templated":true}]}}